{"id":4083,"date":"2021-06-08T11:55:42","date_gmt":"2021-06-08T11:55:42","guid":{"rendered":"http:\/\/investlithuania.com\/homepage\/"},"modified":"2026-04-16T15:56:17","modified_gmt":"2026-04-16T13:56:17","slug":"homepage","status":"publish","type":"page","link":"https:\/\/investlithuania.com\/lt\/","title":{"rendered":"Titulinis puslapis"},"content":{"rendered":"","protected":false},"excerpt":{"rendered":"","protected":false},"author":1,"featured_media":4451,"parent":0,"menu_order":101,"comment_status":"closed","ping_status":"closed","template":"","meta":{"_acf_changed":false,"h5ap_radio_sources":[],"footnotes":""},"class_list":["post-4083","page","type-page","status-publish","has-post-thumbnail","hentry"],"acf":[],"yoast_head":"<!-- This site is optimized with the Yoast SEO plugin v27.4 - https:\/\/yoast.com\/product\/yoast-seo-wordpress\/ -->\n<title>Lietuvos investicij\u0173 skatinimo agent\u016bra | Investuok Lietuvoje<\/title>\n<meta name=\"description\" content=\"\u201eInvestuok Lietuvoje\u201c \u2013 investicij\u0173 skatinimo agent\u016bra, vieno langelio principu teikianti konsultacijas ir pagalb\u0105 u\u017esienio bei stambiems Lietuvos investuotojams.\" \/>\n<meta name=\"robots\" content=\"index, follow, max-snippet:-1, max-image-preview:large, max-video-preview:-1\" \/>\n<link rel=\"canonical\" href=\"https:\/\/investlithuania.com\/lt\/\" \/>\n<meta property=\"og:locale\" content=\"lt_LT\" \/>\n<meta property=\"og:type\" content=\"article\" \/>\n<meta property=\"og:title\" content=\"Lietuvos tiesiogini\u0173 u\u017esienio investicij\u0173 pl\u0117tros agent\u016bra | Investuok Lietuvoje\" \/>\n<meta property=\"og:description\" content=\"\u201eInvestuok Lietuvoje\u201c \u2013 investicij\u0173 skatinimo agent\u016bra, vieno langelio principu teikianti konsultacijas ir pagalb\u0105 u\u017esienio bei stambiems Lietuvos investuotojams.\" \/>\n<meta property=\"og:url\" content=\"https:\/\/investlithuania.com\/lt\/\" \/>\n<meta property=\"og:site_name\" content=\"Investuok Lietuvoje\" \/>\n<meta property=\"article:modified_time\" content=\"2026-04-16T13:56:17+00:00\" \/>\n<meta property=\"og:image\" content=\"https:\/\/investlithuania.com\/wp-content\/uploads\/Investuok-Lietuvoje-logotipas.png\" \/>\n\t<meta property=\"og:image:width\" content=\"1200\" \/>\n\t<meta property=\"og:image:height\" content=\"628\" \/>\n\t<meta property=\"og:image:type\" content=\"image\/png\" \/>\n<meta name=\"twitter:card\" content=\"summary_large_image\" \/>\n<meta name=\"twitter:title\" content=\"Lietuvos tiesiogini\u0173 u\u017esienio investicij\u0173 pl\u0117tros agent\u016bra | Investuok Lietuvoje\" \/>\n<script type=\"application\/ld+json\" class=\"yoast-schema-graph\">{\"@context\":\"https:\\\/\\\/schema.org\",\"@graph\":[{\"@type\":\"WebPage\",\"@id\":\"https:\\\/\\\/investlithuania.com\\\/lt\\\/\",\"url\":\"https:\\\/\\\/investlithuania.com\\\/lt\\\/\",\"name\":\"Lietuvos investicij\u0173 skatinimo agent\u016bra | Investuok Lietuvoje\",\"isPartOf\":{\"@id\":\"https:\\\/\\\/investlithuania.com\\\/lt\\\/#website\"},\"primaryImageOfPage\":{\"@id\":\"https:\\\/\\\/investlithuania.com\\\/lt\\\/#primaryimage\"},\"image\":{\"@id\":\"https:\\\/\\\/investlithuania.com\\\/lt\\\/#primaryimage\"},\"thumbnailUrl\":\"https:\\\/\\\/investlithuania.com\\\/wp-content\\\/uploads\\\/2021\\\/09\\\/GBS-main-100.jpg\",\"datePublished\":\"2021-06-08T11:55:42+00:00\",\"dateModified\":\"2026-04-16T13:56:17+00:00\",\"description\":\"\u201eInvestuok Lietuvoje\u201c \u2013 investicij\u0173 skatinimo agent\u016bra, vieno langelio principu teikianti konsultacijas ir pagalb\u0105 u\u017esienio bei stambiems Lietuvos investuotojams.\",\"breadcrumb\":{\"@id\":\"https:\\\/\\\/investlithuania.com\\\/lt\\\/#breadcrumb\"},\"inLanguage\":\"lt-LT\",\"potentialAction\":[{\"@type\":\"ReadAction\",\"target\":[\"https:\\\/\\\/investlithuania.com\\\/lt\\\/\"]}]},{\"@type\":\"ImageObject\",\"inLanguage\":\"lt-LT\",\"@id\":\"https:\\\/\\\/investlithuania.com\\\/lt\\\/#primaryimage\",\"url\":\"https:\\\/\\\/investlithuania.com\\\/wp-content\\\/uploads\\\/2021\\\/09\\\/GBS-main-100.jpg\",\"contentUrl\":\"https:\\\/\\\/investlithuania.com\\\/wp-content\\\/uploads\\\/2021\\\/09\\\/GBS-main-100.jpg\",\"width\":1921,\"height\":939,\"caption\":\"GBS main 100\"},{\"@type\":\"BreadcrumbList\",\"@id\":\"https:\\\/\\\/investlithuania.com\\\/lt\\\/#breadcrumb\",\"itemListElement\":[{\"@type\":\"ListItem\",\"position\":1,\"name\":\"Home\",\"item\":\"https:\\\/\\\/investlithuania.com\\\/lt\\\/\"},{\"@type\":\"ListItem\",\"position\":2,\"name\":\"Titulinis puslapis\"}]},{\"@type\":\"WebSite\",\"@id\":\"https:\\\/\\\/investlithuania.com\\\/lt\\\/#website\",\"url\":\"https:\\\/\\\/investlithuania.com\\\/lt\\\/\",\"name\":\"Invest Lithuania\",\"description\":\"The Lithuanian Investment Promotion Agency\",\"publisher\":{\"@id\":\"https:\\\/\\\/investlithuania.com\\\/lt\\\/#organization\"},\"potentialAction\":[{\"@type\":\"SearchAction\",\"target\":{\"@type\":\"EntryPoint\",\"urlTemplate\":\"https:\\\/\\\/investlithuania.com\\\/lt\\\/?s={search_term_string}\"},\"query-input\":{\"@type\":\"PropertyValueSpecification\",\"valueRequired\":true,\"valueName\":\"search_term_string\"}}],\"inLanguage\":\"lt-LT\"},{\"@type\":\"Organization\",\"@id\":\"https:\\\/\\\/investlithuania.com\\\/lt\\\/#organization\",\"name\":\"Invest Lithuania\",\"url\":\"https:\\\/\\\/investlithuania.com\\\/lt\\\/\",\"logo\":{\"@type\":\"ImageObject\",\"inLanguage\":\"lt-LT\",\"@id\":\"https:\\\/\\\/investlithuania.com\\\/lt\\\/#\\\/schema\\\/logo\\\/image\\\/\",\"url\":\"https:\\\/\\\/investlithuania.com\\\/wp-content\\\/uploads\\\/Invest-Lithuania-logo.svg\",\"contentUrl\":\"https:\\\/\\\/investlithuania.com\\\/wp-content\\\/uploads\\\/Invest-Lithuania-logo.svg\",\"width\":288,\"height\":108,\"caption\":\"Invest Lithuania\"},\"image\":{\"@id\":\"https:\\\/\\\/investlithuania.com\\\/lt\\\/#\\\/schema\\\/logo\\\/image\\\/\"}}]}<\/script>\n<!-- \/ Yoast SEO plugin. -->","yoast_head_json":{"title":"Lietuvos investicij\u0173 skatinimo agent\u016bra | Investuok Lietuvoje","description":"\u201eInvestuok Lietuvoje\u201c \u2013 investicij\u0173 skatinimo agent\u016bra, vieno langelio principu teikianti konsultacijas ir pagalb\u0105 u\u017esienio bei stambiems Lietuvos investuotojams.","robots":{"index":"index","follow":"follow","max-snippet":"max-snippet:-1","max-image-preview":"max-image-preview:large","max-video-preview":"max-video-preview:-1"},"canonical":"https:\/\/investlithuania.com\/lt\/","og_locale":"lt_LT","og_type":"article","og_title":"Lietuvos tiesiogini\u0173 u\u017esienio investicij\u0173 pl\u0117tros agent\u016bra | Investuok Lietuvoje","og_description":"\u201eInvestuok Lietuvoje\u201c \u2013 investicij\u0173 skatinimo agent\u016bra, vieno langelio principu teikianti konsultacijas ir pagalb\u0105 u\u017esienio bei stambiems Lietuvos investuotojams.","og_url":"https:\/\/investlithuania.com\/lt\/","og_site_name":"Investuok Lietuvoje","article_modified_time":"2026-04-16T13:56:17+00:00","og_image":[{"width":1200,"height":628,"url":"https:\/\/investlithuania.com\/wp-content\/uploads\/Investuok-Lietuvoje-logotipas.png","type":"image\/png"}],"twitter_card":"summary_large_image","twitter_title":"Lietuvos tiesiogini\u0173 u\u017esienio investicij\u0173 pl\u0117tros agent\u016bra | Investuok Lietuvoje","schema":{"@context":"https:\/\/schema.org","@graph":[{"@type":"WebPage","@id":"https:\/\/investlithuania.com\/lt\/","url":"https:\/\/investlithuania.com\/lt\/","name":"Lietuvos investicij\u0173 skatinimo agent\u016bra | Investuok Lietuvoje","isPartOf":{"@id":"https:\/\/investlithuania.com\/lt\/#website"},"primaryImageOfPage":{"@id":"https:\/\/investlithuania.com\/lt\/#primaryimage"},"image":{"@id":"https:\/\/investlithuania.com\/lt\/#primaryimage"},"thumbnailUrl":"https:\/\/investlithuania.com\/wp-content\/uploads\/2021\/09\/GBS-main-100.jpg","datePublished":"2021-06-08T11:55:42+00:00","dateModified":"2026-04-16T13:56:17+00:00","description":"\u201eInvestuok Lietuvoje\u201c \u2013 investicij\u0173 skatinimo agent\u016bra, vieno langelio principu teikianti konsultacijas ir pagalb\u0105 u\u017esienio bei stambiems Lietuvos investuotojams.","breadcrumb":{"@id":"https:\/\/investlithuania.com\/lt\/#breadcrumb"},"inLanguage":"lt-LT","potentialAction":[{"@type":"ReadAction","target":["https:\/\/investlithuania.com\/lt\/"]}]},{"@type":"ImageObject","inLanguage":"lt-LT","@id":"https:\/\/investlithuania.com\/lt\/#primaryimage","url":"https:\/\/investlithuania.com\/wp-content\/uploads\/2021\/09\/GBS-main-100.jpg","contentUrl":"https:\/\/investlithuania.com\/wp-content\/uploads\/2021\/09\/GBS-main-100.jpg","width":1921,"height":939,"caption":"GBS main 100"},{"@type":"BreadcrumbList","@id":"https:\/\/investlithuania.com\/lt\/#breadcrumb","itemListElement":[{"@type":"ListItem","position":1,"name":"Home","item":"https:\/\/investlithuania.com\/lt\/"},{"@type":"ListItem","position":2,"name":"Titulinis puslapis"}]},{"@type":"WebSite","@id":"https:\/\/investlithuania.com\/lt\/#website","url":"https:\/\/investlithuania.com\/lt\/","name":"Invest Lithuania","description":"The Lithuanian Investment Promotion Agency","publisher":{"@id":"https:\/\/investlithuania.com\/lt\/#organization"},"potentialAction":[{"@type":"SearchAction","target":{"@type":"EntryPoint","urlTemplate":"https:\/\/investlithuania.com\/lt\/?s={search_term_string}"},"query-input":{"@type":"PropertyValueSpecification","valueRequired":true,"valueName":"search_term_string"}}],"inLanguage":"lt-LT"},{"@type":"Organization","@id":"https:\/\/investlithuania.com\/lt\/#organization","name":"Invest Lithuania","url":"https:\/\/investlithuania.com\/lt\/","logo":{"@type":"ImageObject","inLanguage":"lt-LT","@id":"https:\/\/investlithuania.com\/lt\/#\/schema\/logo\/image\/","url":"https:\/\/investlithuania.com\/wp-content\/uploads\/Invest-Lithuania-logo.svg","contentUrl":"https:\/\/investlithuania.com\/wp-content\/uploads\/Invest-Lithuania-logo.svg","width":288,"height":108,"caption":"Invest Lithuania"},"image":{"@id":"https:\/\/investlithuania.com\/lt\/#\/schema\/logo\/image\/"}}]}},"_links":{"self":[{"href":"https:\/\/investlithuania.com\/lt\/wp-json\/wp\/v2\/pages\/4083","targetHints":{"allow":["GET"]}}],"collection":[{"href":"https:\/\/investlithuania.com\/lt\/wp-json\/wp\/v2\/pages"}],"about":[{"href":"https:\/\/investlithuania.com\/lt\/wp-json\/wp\/v2\/types\/page"}],"author":[{"embeddable":true,"href":"https:\/\/investlithuania.com\/lt\/wp-json\/wp\/v2\/users\/1"}],"replies":[{"embeddable":true,"href":"https:\/\/investlithuania.com\/lt\/wp-json\/wp\/v2\/comments?post=4083"}],"version-history":[{"count":53,"href":"https:\/\/investlithuania.com\/lt\/wp-json\/wp\/v2\/pages\/4083\/revisions"}],"predecessor-version":[{"id":24413,"href":"https:\/\/investlithuania.com\/lt\/wp-json\/wp\/v2\/pages\/4083\/revisions\/24413"}],"wp:featuredmedia":[{"embeddable":true,"href":"https:\/\/investlithuania.com\/lt\/wp-json\/wp\/v2\/media\/4451"}],"wp:attachment":[{"href":"https:\/\/investlithuania.com\/lt\/wp-json\/wp\/v2\/media?parent=4083"}],"curies":[{"name":"wp","href":"https:\/\/api.w.org\/{rel}","templated":true}]}}