{"id":19333,"date":"2025-04-04T09:03:45","date_gmt":"2025-04-04T07:03:45","guid":{"rendered":"https:\/\/investlithuania.com\/green-corridor-investment-incentives\/"},"modified":"2026-02-19T13:41:06","modified_gmt":"2026-02-19T11:41:06","slug":"zaliasis-koridorius-stambiems-investiciniams-projektams","status":"publish","type":"page","link":"https:\/\/investlithuania.com\/lt\/zaliasis-koridorius-stambiems-investiciniams-projektams\/","title":{"rendered":"\u017daliasis koridorius"},"content":{"rendered":"","protected":false},"excerpt":{"rendered":"","protected":false},"author":2,"featured_media":22879,"parent":0,"menu_order":121,"comment_status":"closed","ping_status":"closed","template":"tp-master.php","meta":{"_acf_changed":false,"h5ap_radio_sources":[],"footnotes":""},"class_list":["post-19333","page","type-page","status-publish","has-post-thumbnail","hentry"],"acf":[],"yoast_head":"<!-- This site is optimized with the Yoast SEO plugin v27.4 - https:\/\/yoast.com\/product\/yoast-seo-wordpress\/ -->\n<title>\u017daliasis koridorius stambiems investiciniams projektams | Investuok Lietuvoje<\/title>\n<meta name=\"description\" content=\"\u017daliojo koridoriaus iniciatyva Lietuvoje \u2013 0% pelno mokestis, valstyb\u0117s palaikymas, ma\u017eesn\u0117 administracin\u0117 na\u0161ta.\" \/>\n<meta name=\"robots\" content=\"index, follow, max-snippet:-1, max-image-preview:large, max-video-preview:-1\" \/>\n<link rel=\"canonical\" href=\"https:\/\/investlithuania.com\/lt\/zaliasis-koridorius-stambiems-investiciniams-projektams\/\" \/>\n<meta property=\"og:locale\" content=\"lt_LT\" \/>\n<meta property=\"og:type\" content=\"article\" \/>\n<meta property=\"og:title\" content=\"\u017daliasis koridorius stambiems investiciniams projektams | Investuok Lietuvoje\" \/>\n<meta property=\"og:description\" content=\"\u017daliojo koridoriaus iniciatyva Lietuvoje \u2013 0% pelno mokestis, valstyb\u0117s palaikymas, ma\u017eesn\u0117 administracin\u0117 na\u0161ta.\" \/>\n<meta property=\"og:url\" content=\"https:\/\/investlithuania.com\/lt\/zaliasis-koridorius-stambiems-investiciniams-projektams\/\" \/>\n<meta property=\"og:site_name\" content=\"Investuok Lietuvoje\" \/>\n<meta property=\"article:modified_time\" content=\"2026-02-19T11:41:06+00:00\" \/>\n<meta property=\"og:image\" content=\"https:\/\/investlithuania.com\/wp-content\/uploads\/Zaliasis-koridorius-1.webp\" \/>\n\t<meta property=\"og:image:width\" content=\"1921\" \/>\n\t<meta property=\"og:image:height\" content=\"939\" \/>\n\t<meta property=\"og:image:type\" content=\"image\/webp\" \/>\n<meta name=\"twitter:card\" content=\"summary_large_image\" \/>\n<meta name=\"twitter:title\" content=\"\u017daliasis koridorius stambiems investiciniams projektams | Investuok Lietuvoje\" \/>\n<meta name=\"twitter:description\" content=\"\u017daliojo koridoriaus iniciatyva Lietuvoje \u2013 0% pelno mokestis, valstyb\u0117s palaikymas, ma\u017eesn\u0117 administracin\u0117 na\u0161ta.\" \/>\n<script type=\"application\/ld+json\" class=\"yoast-schema-graph\">{\"@context\":\"https:\\\/\\\/schema.org\",\"@graph\":[{\"@type\":\"WebPage\",\"@id\":\"https:\\\/\\\/investlithuania.com\\\/lt\\\/zaliasis-koridorius-stambiems-investiciniams-projektams\\\/\",\"url\":\"https:\\\/\\\/investlithuania.com\\\/lt\\\/zaliasis-koridorius-stambiems-investiciniams-projektams\\\/\",\"name\":\"\u017daliasis koridorius stambiems investiciniams projektams | Investuok Lietuvoje\",\"isPartOf\":{\"@id\":\"https:\\\/\\\/investlithuania.com\\\/lt\\\/#website\"},\"primaryImageOfPage\":{\"@id\":\"https:\\\/\\\/investlithuania.com\\\/lt\\\/zaliasis-koridorius-stambiems-investiciniams-projektams\\\/#primaryimage\"},\"image\":{\"@id\":\"https:\\\/\\\/investlithuania.com\\\/lt\\\/zaliasis-koridorius-stambiems-investiciniams-projektams\\\/#primaryimage\"},\"thumbnailUrl\":\"https:\\\/\\\/investlithuania.com\\\/wp-content\\\/uploads\\\/Zaliasis-koridorius-1.webp\",\"datePublished\":\"2025-04-04T07:03:45+00:00\",\"dateModified\":\"2026-02-19T11:41:06+00:00\",\"description\":\"\u017daliojo koridoriaus iniciatyva Lietuvoje \u2013 0% pelno mokestis, valstyb\u0117s palaikymas, ma\u017eesn\u0117 administracin\u0117 na\u0161ta.\",\"breadcrumb\":{\"@id\":\"https:\\\/\\\/investlithuania.com\\\/lt\\\/zaliasis-koridorius-stambiems-investiciniams-projektams\\\/#breadcrumb\"},\"inLanguage\":\"lt-LT\",\"potentialAction\":[{\"@type\":\"ReadAction\",\"target\":[\"https:\\\/\\\/investlithuania.com\\\/lt\\\/zaliasis-koridorius-stambiems-investiciniams-projektams\\\/\"]}]},{\"@type\":\"ImageObject\",\"inLanguage\":\"lt-LT\",\"@id\":\"https:\\\/\\\/investlithuania.com\\\/lt\\\/zaliasis-koridorius-stambiems-investiciniams-projektams\\\/#primaryimage\",\"url\":\"https:\\\/\\\/investlithuania.com\\\/wp-content\\\/uploads\\\/Zaliasis-koridorius-1.webp\",\"contentUrl\":\"https:\\\/\\\/investlithuania.com\\\/wp-content\\\/uploads\\\/Zaliasis-koridorius-1.webp\",\"width\":1921,\"height\":939,\"caption\":\"\u017daliasis koridorius\"},{\"@type\":\"BreadcrumbList\",\"@id\":\"https:\\\/\\\/investlithuania.com\\\/lt\\\/zaliasis-koridorius-stambiems-investiciniams-projektams\\\/#breadcrumb\",\"itemListElement\":[{\"@type\":\"ListItem\",\"position\":1,\"name\":\"Home\",\"item\":\"https:\\\/\\\/investlithuania.com\\\/lt\\\/\"},{\"@type\":\"ListItem\",\"position\":2,\"name\":\"\u017daliasis koridorius\"}]},{\"@type\":\"WebSite\",\"@id\":\"https:\\\/\\\/investlithuania.com\\\/lt\\\/#website\",\"url\":\"https:\\\/\\\/investlithuania.com\\\/lt\\\/\",\"name\":\"Invest Lithuania\",\"description\":\"The Lithuanian Investment Promotion Agency\",\"publisher\":{\"@id\":\"https:\\\/\\\/investlithuania.com\\\/lt\\\/#organization\"},\"potentialAction\":[{\"@type\":\"SearchAction\",\"target\":{\"@type\":\"EntryPoint\",\"urlTemplate\":\"https:\\\/\\\/investlithuania.com\\\/lt\\\/?s={search_term_string}\"},\"query-input\":{\"@type\":\"PropertyValueSpecification\",\"valueRequired\":true,\"valueName\":\"search_term_string\"}}],\"inLanguage\":\"lt-LT\"},{\"@type\":\"Organization\",\"@id\":\"https:\\\/\\\/investlithuania.com\\\/lt\\\/#organization\",\"name\":\"Invest Lithuania\",\"url\":\"https:\\\/\\\/investlithuania.com\\\/lt\\\/\",\"logo\":{\"@type\":\"ImageObject\",\"inLanguage\":\"lt-LT\",\"@id\":\"https:\\\/\\\/investlithuania.com\\\/lt\\\/#\\\/schema\\\/logo\\\/image\\\/\",\"url\":\"https:\\\/\\\/investlithuania.com\\\/wp-content\\\/uploads\\\/Invest-Lithuania-logo.svg\",\"contentUrl\":\"https:\\\/\\\/investlithuania.com\\\/wp-content\\\/uploads\\\/Invest-Lithuania-logo.svg\",\"width\":288,\"height\":108,\"caption\":\"Invest Lithuania\"},\"image\":{\"@id\":\"https:\\\/\\\/investlithuania.com\\\/lt\\\/#\\\/schema\\\/logo\\\/image\\\/\"}}]}<\/script>\n<!-- \/ Yoast SEO plugin. -->","yoast_head_json":{"title":"\u017daliasis koridorius stambiems investiciniams projektams | Investuok Lietuvoje","description":"\u017daliojo koridoriaus iniciatyva Lietuvoje \u2013 0% pelno mokestis, valstyb\u0117s palaikymas, ma\u017eesn\u0117 administracin\u0117 na\u0161ta.","robots":{"index":"index","follow":"follow","max-snippet":"max-snippet:-1","max-image-preview":"max-image-preview:large","max-video-preview":"max-video-preview:-1"},"canonical":"https:\/\/investlithuania.com\/lt\/zaliasis-koridorius-stambiems-investiciniams-projektams\/","og_locale":"lt_LT","og_type":"article","og_title":"\u017daliasis koridorius stambiems investiciniams projektams | Investuok Lietuvoje","og_description":"\u017daliojo koridoriaus iniciatyva Lietuvoje \u2013 0% pelno mokestis, valstyb\u0117s palaikymas, ma\u017eesn\u0117 administracin\u0117 na\u0161ta.","og_url":"https:\/\/investlithuania.com\/lt\/zaliasis-koridorius-stambiems-investiciniams-projektams\/","og_site_name":"Investuok Lietuvoje","article_modified_time":"2026-02-19T11:41:06+00:00","og_image":[{"width":1921,"height":939,"url":"https:\/\/investlithuania.com\/wp-content\/uploads\/Zaliasis-koridorius-1.webp","type":"image\/webp"}],"twitter_card":"summary_large_image","twitter_title":"\u017daliasis koridorius stambiems investiciniams projektams | Investuok Lietuvoje","twitter_description":"\u017daliojo koridoriaus iniciatyva Lietuvoje \u2013 0% pelno mokestis, valstyb\u0117s palaikymas, ma\u017eesn\u0117 administracin\u0117 na\u0161ta.","schema":{"@context":"https:\/\/schema.org","@graph":[{"@type":"WebPage","@id":"https:\/\/investlithuania.com\/lt\/zaliasis-koridorius-stambiems-investiciniams-projektams\/","url":"https:\/\/investlithuania.com\/lt\/zaliasis-koridorius-stambiems-investiciniams-projektams\/","name":"\u017daliasis koridorius stambiems investiciniams projektams | Investuok Lietuvoje","isPartOf":{"@id":"https:\/\/investlithuania.com\/lt\/#website"},"primaryImageOfPage":{"@id":"https:\/\/investlithuania.com\/lt\/zaliasis-koridorius-stambiems-investiciniams-projektams\/#primaryimage"},"image":{"@id":"https:\/\/investlithuania.com\/lt\/zaliasis-koridorius-stambiems-investiciniams-projektams\/#primaryimage"},"thumbnailUrl":"https:\/\/investlithuania.com\/wp-content\/uploads\/Zaliasis-koridorius-1.webp","datePublished":"2025-04-04T07:03:45+00:00","dateModified":"2026-02-19T11:41:06+00:00","description":"\u017daliojo koridoriaus iniciatyva Lietuvoje \u2013 0% pelno mokestis, valstyb\u0117s palaikymas, ma\u017eesn\u0117 administracin\u0117 na\u0161ta.","breadcrumb":{"@id":"https:\/\/investlithuania.com\/lt\/zaliasis-koridorius-stambiems-investiciniams-projektams\/#breadcrumb"},"inLanguage":"lt-LT","potentialAction":[{"@type":"ReadAction","target":["https:\/\/investlithuania.com\/lt\/zaliasis-koridorius-stambiems-investiciniams-projektams\/"]}]},{"@type":"ImageObject","inLanguage":"lt-LT","@id":"https:\/\/investlithuania.com\/lt\/zaliasis-koridorius-stambiems-investiciniams-projektams\/#primaryimage","url":"https:\/\/investlithuania.com\/wp-content\/uploads\/Zaliasis-koridorius-1.webp","contentUrl":"https:\/\/investlithuania.com\/wp-content\/uploads\/Zaliasis-koridorius-1.webp","width":1921,"height":939,"caption":"\u017daliasis koridorius"},{"@type":"BreadcrumbList","@id":"https:\/\/investlithuania.com\/lt\/zaliasis-koridorius-stambiems-investiciniams-projektams\/#breadcrumb","itemListElement":[{"@type":"ListItem","position":1,"name":"Home","item":"https:\/\/investlithuania.com\/lt\/"},{"@type":"ListItem","position":2,"name":"\u017daliasis koridorius"}]},{"@type":"WebSite","@id":"https:\/\/investlithuania.com\/lt\/#website","url":"https:\/\/investlithuania.com\/lt\/","name":"Invest Lithuania","description":"The Lithuanian Investment Promotion Agency","publisher":{"@id":"https:\/\/investlithuania.com\/lt\/#organization"},"potentialAction":[{"@type":"SearchAction","target":{"@type":"EntryPoint","urlTemplate":"https:\/\/investlithuania.com\/lt\/?s={search_term_string}"},"query-input":{"@type":"PropertyValueSpecification","valueRequired":true,"valueName":"search_term_string"}}],"inLanguage":"lt-LT"},{"@type":"Organization","@id":"https:\/\/investlithuania.com\/lt\/#organization","name":"Invest Lithuania","url":"https:\/\/investlithuania.com\/lt\/","logo":{"@type":"ImageObject","inLanguage":"lt-LT","@id":"https:\/\/investlithuania.com\/lt\/#\/schema\/logo\/image\/","url":"https:\/\/investlithuania.com\/wp-content\/uploads\/Invest-Lithuania-logo.svg","contentUrl":"https:\/\/investlithuania.com\/wp-content\/uploads\/Invest-Lithuania-logo.svg","width":288,"height":108,"caption":"Invest Lithuania"},"image":{"@id":"https:\/\/investlithuania.com\/lt\/#\/schema\/logo\/image\/"}}]}},"_links":{"self":[{"href":"https:\/\/investlithuania.com\/lt\/wp-json\/wp\/v2\/pages\/19333","targetHints":{"allow":["GET"]}}],"collection":[{"href":"https:\/\/investlithuania.com\/lt\/wp-json\/wp\/v2\/pages"}],"about":[{"href":"https:\/\/investlithuania.com\/lt\/wp-json\/wp\/v2\/types\/page"}],"author":[{"embeddable":true,"href":"https:\/\/investlithuania.com\/lt\/wp-json\/wp\/v2\/users\/2"}],"replies":[{"embeddable":true,"href":"https:\/\/investlithuania.com\/lt\/wp-json\/wp\/v2\/comments?post=19333"}],"version-history":[{"count":121,"href":"https:\/\/investlithuania.com\/lt\/wp-json\/wp\/v2\/pages\/19333\/revisions"}],"predecessor-version":[{"id":23154,"href":"https:\/\/investlithuania.com\/lt\/wp-json\/wp\/v2\/pages\/19333\/revisions\/23154"}],"wp:featuredmedia":[{"embeddable":true,"href":"https:\/\/investlithuania.com\/lt\/wp-json\/wp\/v2\/media\/22879"}],"wp:attachment":[{"href":"https:\/\/investlithuania.com\/lt\/wp-json\/wp\/v2\/media?parent=19333"}],"curies":[{"name":"wp","href":"https:\/\/api.w.org\/{rel}","templated":true}]}}