{"id":12295,"date":"2023-02-08T16:19:05","date_gmt":"2023-02-08T14:19:05","guid":{"rendered":"https:\/\/investlithuania.com\/karjera\/komanda-copy\/"},"modified":"2026-04-07T14:34:43","modified_gmt":"2026-04-07T12:34:43","slug":"ka-siulome","status":"publish","type":"page","link":"https:\/\/investlithuania.com\/lt\/karjera\/ka-siulome\/","title":{"rendered":"K\u0105 si\u016blome"},"content":{"rendered":"","protected":false},"excerpt":{"rendered":"","protected":false},"author":2,"featured_media":12934,"parent":12277,"menu_order":33,"comment_status":"closed","ping_status":"closed","template":"tp-master.php","meta":{"_acf_changed":false,"h5ap_radio_sources":[],"footnotes":""},"class_list":["post-12295","page","type-page","status-publish","has-post-thumbnail","hentry"],"acf":[],"yoast_head":"<!-- This site is optimized with the Yoast SEO plugin v27.3 - https:\/\/yoast.com\/product\/yoast-seo-wordpress\/ -->\n<title>Karjera - K\u0105 si\u016blome | Investuok Lietuvoje<\/title>\n<meta name=\"description\" content=\"Laiminga komanda \u2013 b\u016btinas puiki\u0173 rezultat\u0173 elementas. Kiekvienam komandos nariui si\u016blome papildom\u0173 naud\u0173 paket\u0105.\" \/>\n<meta name=\"robots\" content=\"index, follow, max-snippet:-1, max-image-preview:large, max-video-preview:-1\" \/>\n<link rel=\"canonical\" href=\"https:\/\/investlithuania.com\/lt\/karjera\/ka-siulome\/\" \/>\n<meta property=\"og:locale\" content=\"lt_LT\" \/>\n<meta property=\"og:type\" content=\"article\" \/>\n<meta property=\"og:title\" content=\"Karjera - K\u0105 si\u016blome | Investuok Lietuvoje\" \/>\n<meta property=\"og:description\" content=\"Laiminga komanda \u2013 b\u016btinas puiki\u0173 rezultat\u0173 elementas. Kiekvienam komandos nariui si\u016blome papildom\u0173 naud\u0173 paket\u0105.\" \/>\n<meta property=\"og:url\" content=\"https:\/\/investlithuania.com\/lt\/karjera\/ka-siulome\/\" \/>\n<meta property=\"og:site_name\" content=\"Investuok Lietuvoje\" \/>\n<meta property=\"article:modified_time\" content=\"2026-04-07T12:34:43+00:00\" \/>\n<meta property=\"og:image\" content=\"https:\/\/investlithuania.com\/wp-content\/uploads\/Karjera-3.jpg\" \/>\n\t<meta property=\"og:image:width\" content=\"1921\" \/>\n\t<meta property=\"og:image:height\" content=\"939\" \/>\n\t<meta property=\"og:image:type\" content=\"image\/jpeg\" \/>\n<meta name=\"twitter:card\" content=\"summary_large_image\" \/>\n<meta name=\"twitter:title\" content=\"Karjera - K\u0105 si\u016blome | Investuok Lietuvoje\" \/>\n<meta name=\"twitter:description\" content=\"Laiminga komanda \u2013 b\u016btinas puiki\u0173 rezultat\u0173 elementas. Kiekvienam komandos nariui si\u016blome papildom\u0173 naud\u0173 paket\u0105.\" \/>\n<meta name=\"twitter:image\" content=\"https:\/\/investlithuania.com\/wp-content\/uploads\/Karjera-3.jpg\" \/>\n<script type=\"application\/ld+json\" class=\"yoast-schema-graph\">{\"@context\":\"https:\\\/\\\/schema.org\",\"@graph\":[{\"@type\":\"WebPage\",\"@id\":\"https:\\\/\\\/investlithuania.com\\\/lt\\\/karjera\\\/ka-siulome\\\/\",\"url\":\"https:\\\/\\\/investlithuania.com\\\/lt\\\/karjera\\\/ka-siulome\\\/\",\"name\":\"Karjera - K\u0105 si\u016blome | Investuok Lietuvoje\",\"isPartOf\":{\"@id\":\"https:\\\/\\\/investlithuania.com\\\/lt\\\/#website\"},\"primaryImageOfPage\":{\"@id\":\"https:\\\/\\\/investlithuania.com\\\/lt\\\/karjera\\\/ka-siulome\\\/#primaryimage\"},\"image\":{\"@id\":\"https:\\\/\\\/investlithuania.com\\\/lt\\\/karjera\\\/ka-siulome\\\/#primaryimage\"},\"thumbnailUrl\":\"https:\\\/\\\/investlithuania.com\\\/wp-content\\\/uploads\\\/Karjera-3.jpg\",\"datePublished\":\"2023-02-08T14:19:05+00:00\",\"dateModified\":\"2026-04-07T12:34:43+00:00\",\"description\":\"Laiminga komanda \u2013 b\u016btinas puiki\u0173 rezultat\u0173 elementas. Kiekvienam komandos nariui si\u016blome papildom\u0173 naud\u0173 paket\u0105.\",\"breadcrumb\":{\"@id\":\"https:\\\/\\\/investlithuania.com\\\/lt\\\/karjera\\\/ka-siulome\\\/#breadcrumb\"},\"inLanguage\":\"lt-LT\",\"potentialAction\":[{\"@type\":\"ReadAction\",\"target\":[\"https:\\\/\\\/investlithuania.com\\\/lt\\\/karjera\\\/ka-siulome\\\/\"]}]},{\"@type\":\"ImageObject\",\"inLanguage\":\"lt-LT\",\"@id\":\"https:\\\/\\\/investlithuania.com\\\/lt\\\/karjera\\\/ka-siulome\\\/#primaryimage\",\"url\":\"https:\\\/\\\/investlithuania.com\\\/wp-content\\\/uploads\\\/Karjera-3.jpg\",\"contentUrl\":\"https:\\\/\\\/investlithuania.com\\\/wp-content\\\/uploads\\\/Karjera-3.jpg\",\"width\":1921,\"height\":939,\"caption\":\"Karjera Investuok Lietuvoje\"},{\"@type\":\"BreadcrumbList\",\"@id\":\"https:\\\/\\\/investlithuania.com\\\/lt\\\/karjera\\\/ka-siulome\\\/#breadcrumb\",\"itemListElement\":[{\"@type\":\"ListItem\",\"position\":1,\"name\":\"Home\",\"item\":\"https:\\\/\\\/investlithuania.com\\\/lt\\\/\"},{\"@type\":\"ListItem\",\"position\":2,\"name\":\"Karjera &#8211; Apie mus\",\"item\":\"https:\\\/\\\/investlithuania.com\\\/lt\\\/karjera\\\/\"},{\"@type\":\"ListItem\",\"position\":3,\"name\":\"K\u0105 si\u016blome\"}]},{\"@type\":\"WebSite\",\"@id\":\"https:\\\/\\\/investlithuania.com\\\/lt\\\/#website\",\"url\":\"https:\\\/\\\/investlithuania.com\\\/lt\\\/\",\"name\":\"Invest Lithuania\",\"description\":\"The Lithuanian Investment Promotion Agency\",\"publisher\":{\"@id\":\"https:\\\/\\\/investlithuania.com\\\/lt\\\/#organization\"},\"potentialAction\":[{\"@type\":\"SearchAction\",\"target\":{\"@type\":\"EntryPoint\",\"urlTemplate\":\"https:\\\/\\\/investlithuania.com\\\/lt\\\/?s={search_term_string}\"},\"query-input\":{\"@type\":\"PropertyValueSpecification\",\"valueRequired\":true,\"valueName\":\"search_term_string\"}}],\"inLanguage\":\"lt-LT\"},{\"@type\":\"Organization\",\"@id\":\"https:\\\/\\\/investlithuania.com\\\/lt\\\/#organization\",\"name\":\"Invest Lithuania\",\"url\":\"https:\\\/\\\/investlithuania.com\\\/lt\\\/\",\"logo\":{\"@type\":\"ImageObject\",\"inLanguage\":\"lt-LT\",\"@id\":\"https:\\\/\\\/investlithuania.com\\\/lt\\\/#\\\/schema\\\/logo\\\/image\\\/\",\"url\":\"https:\\\/\\\/investlithuania.com\\\/wp-content\\\/uploads\\\/Invest-Lithuania-logo.svg\",\"contentUrl\":\"https:\\\/\\\/investlithuania.com\\\/wp-content\\\/uploads\\\/Invest-Lithuania-logo.svg\",\"width\":288,\"height\":108,\"caption\":\"Invest Lithuania\"},\"image\":{\"@id\":\"https:\\\/\\\/investlithuania.com\\\/lt\\\/#\\\/schema\\\/logo\\\/image\\\/\"}}]}<\/script>\n<!-- \/ Yoast SEO plugin. -->","yoast_head_json":{"title":"Karjera - K\u0105 si\u016blome | Investuok Lietuvoje","description":"Laiminga komanda \u2013 b\u016btinas puiki\u0173 rezultat\u0173 elementas. Kiekvienam komandos nariui si\u016blome papildom\u0173 naud\u0173 paket\u0105.","robots":{"index":"index","follow":"follow","max-snippet":"max-snippet:-1","max-image-preview":"max-image-preview:large","max-video-preview":"max-video-preview:-1"},"canonical":"https:\/\/investlithuania.com\/lt\/karjera\/ka-siulome\/","og_locale":"lt_LT","og_type":"article","og_title":"Karjera - K\u0105 si\u016blome | Investuok Lietuvoje","og_description":"Laiminga komanda \u2013 b\u016btinas puiki\u0173 rezultat\u0173 elementas. Kiekvienam komandos nariui si\u016blome papildom\u0173 naud\u0173 paket\u0105.","og_url":"https:\/\/investlithuania.com\/lt\/karjera\/ka-siulome\/","og_site_name":"Investuok Lietuvoje","article_modified_time":"2026-04-07T12:34:43+00:00","og_image":[{"width":1921,"height":939,"url":"https:\/\/investlithuania.com\/wp-content\/uploads\/Karjera-3.jpg","type":"image\/jpeg"}],"twitter_card":"summary_large_image","twitter_title":"Karjera - K\u0105 si\u016blome | Investuok Lietuvoje","twitter_description":"Laiminga komanda \u2013 b\u016btinas puiki\u0173 rezultat\u0173 elementas. Kiekvienam komandos nariui si\u016blome papildom\u0173 naud\u0173 paket\u0105.","twitter_image":"https:\/\/investlithuania.com\/wp-content\/uploads\/Karjera-3.jpg","schema":{"@context":"https:\/\/schema.org","@graph":[{"@type":"WebPage","@id":"https:\/\/investlithuania.com\/lt\/karjera\/ka-siulome\/","url":"https:\/\/investlithuania.com\/lt\/karjera\/ka-siulome\/","name":"Karjera - K\u0105 si\u016blome | Investuok Lietuvoje","isPartOf":{"@id":"https:\/\/investlithuania.com\/lt\/#website"},"primaryImageOfPage":{"@id":"https:\/\/investlithuania.com\/lt\/karjera\/ka-siulome\/#primaryimage"},"image":{"@id":"https:\/\/investlithuania.com\/lt\/karjera\/ka-siulome\/#primaryimage"},"thumbnailUrl":"https:\/\/investlithuania.com\/wp-content\/uploads\/Karjera-3.jpg","datePublished":"2023-02-08T14:19:05+00:00","dateModified":"2026-04-07T12:34:43+00:00","description":"Laiminga komanda \u2013 b\u016btinas puiki\u0173 rezultat\u0173 elementas. Kiekvienam komandos nariui si\u016blome papildom\u0173 naud\u0173 paket\u0105.","breadcrumb":{"@id":"https:\/\/investlithuania.com\/lt\/karjera\/ka-siulome\/#breadcrumb"},"inLanguage":"lt-LT","potentialAction":[{"@type":"ReadAction","target":["https:\/\/investlithuania.com\/lt\/karjera\/ka-siulome\/"]}]},{"@type":"ImageObject","inLanguage":"lt-LT","@id":"https:\/\/investlithuania.com\/lt\/karjera\/ka-siulome\/#primaryimage","url":"https:\/\/investlithuania.com\/wp-content\/uploads\/Karjera-3.jpg","contentUrl":"https:\/\/investlithuania.com\/wp-content\/uploads\/Karjera-3.jpg","width":1921,"height":939,"caption":"Karjera Investuok Lietuvoje"},{"@type":"BreadcrumbList","@id":"https:\/\/investlithuania.com\/lt\/karjera\/ka-siulome\/#breadcrumb","itemListElement":[{"@type":"ListItem","position":1,"name":"Home","item":"https:\/\/investlithuania.com\/lt\/"},{"@type":"ListItem","position":2,"name":"Karjera &#8211; Apie mus","item":"https:\/\/investlithuania.com\/lt\/karjera\/"},{"@type":"ListItem","position":3,"name":"K\u0105 si\u016blome"}]},{"@type":"WebSite","@id":"https:\/\/investlithuania.com\/lt\/#website","url":"https:\/\/investlithuania.com\/lt\/","name":"Invest Lithuania","description":"The Lithuanian Investment Promotion Agency","publisher":{"@id":"https:\/\/investlithuania.com\/lt\/#organization"},"potentialAction":[{"@type":"SearchAction","target":{"@type":"EntryPoint","urlTemplate":"https:\/\/investlithuania.com\/lt\/?s={search_term_string}"},"query-input":{"@type":"PropertyValueSpecification","valueRequired":true,"valueName":"search_term_string"}}],"inLanguage":"lt-LT"},{"@type":"Organization","@id":"https:\/\/investlithuania.com\/lt\/#organization","name":"Invest Lithuania","url":"https:\/\/investlithuania.com\/lt\/","logo":{"@type":"ImageObject","inLanguage":"lt-LT","@id":"https:\/\/investlithuania.com\/lt\/#\/schema\/logo\/image\/","url":"https:\/\/investlithuania.com\/wp-content\/uploads\/Invest-Lithuania-logo.svg","contentUrl":"https:\/\/investlithuania.com\/wp-content\/uploads\/Invest-Lithuania-logo.svg","width":288,"height":108,"caption":"Invest Lithuania"},"image":{"@id":"https:\/\/investlithuania.com\/lt\/#\/schema\/logo\/image\/"}}]}},"_links":{"self":[{"href":"https:\/\/investlithuania.com\/lt\/wp-json\/wp\/v2\/pages\/12295","targetHints":{"allow":["GET"]}}],"collection":[{"href":"https:\/\/investlithuania.com\/lt\/wp-json\/wp\/v2\/pages"}],"about":[{"href":"https:\/\/investlithuania.com\/lt\/wp-json\/wp\/v2\/types\/page"}],"author":[{"embeddable":true,"href":"https:\/\/investlithuania.com\/lt\/wp-json\/wp\/v2\/users\/2"}],"replies":[{"embeddable":true,"href":"https:\/\/investlithuania.com\/lt\/wp-json\/wp\/v2\/comments?post=12295"}],"version-history":[{"count":37,"href":"https:\/\/investlithuania.com\/lt\/wp-json\/wp\/v2\/pages\/12295\/revisions"}],"predecessor-version":[{"id":24296,"href":"https:\/\/investlithuania.com\/lt\/wp-json\/wp\/v2\/pages\/12295\/revisions\/24296"}],"up":[{"embeddable":true,"href":"https:\/\/investlithuania.com\/lt\/wp-json\/wp\/v2\/pages\/12277"}],"wp:featuredmedia":[{"embeddable":true,"href":"https:\/\/investlithuania.com\/lt\/wp-json\/wp\/v2\/media\/12934"}],"wp:attachment":[{"href":"https:\/\/investlithuania.com\/lt\/wp-json\/wp\/v2\/media?parent=12295"}],"curies":[{"name":"wp","href":"https:\/\/api.w.org\/{rel}","templated":true}]}}