{"id":12293,"date":"2023-02-08T16:18:19","date_gmt":"2023-02-08T14:18:19","guid":{"rendered":"https:\/\/investlithuania.com\/karjera\/veikla-copy\/"},"modified":"2024-11-22T12:22:24","modified_gmt":"2024-11-22T10:22:24","slug":"komanda","status":"publish","type":"page","link":"https:\/\/investlithuania.com\/lt\/karjera\/komanda\/","title":{"rendered":"Komanda"},"content":{"rendered":"","protected":false},"excerpt":{"rendered":"","protected":false},"author":2,"featured_media":12969,"parent":12277,"menu_order":33,"comment_status":"closed","ping_status":"closed","template":"tp-master.php","meta":{"_acf_changed":false,"h5ap_radio_sources":[],"footnotes":""},"class_list":["post-12293","page","type-page","status-publish","has-post-thumbnail","hentry"],"acf":[],"yoast_head":"<!-- This site is optimized with the Yoast SEO plugin v27.3 - https:\/\/yoast.com\/product\/yoast-seo-wordpress\/ -->\n<title>Karjera - Komanda | Investuok Lietuvoje<\/title>\n<meta name=\"description\" content=\"Mes \u2013 iniciatyvi, atvira, i\u0161\u0161\u016bkius m\u0117gstanti komanda, kuri semiasi stipryb\u0117s ne tik i\u0161 kiekvieno kolegos individualaus talento, bet ir geb\u0117jimo kurti kartu.\" \/>\n<meta name=\"robots\" content=\"index, follow, max-snippet:-1, max-image-preview:large, max-video-preview:-1\" \/>\n<link rel=\"canonical\" href=\"https:\/\/investlithuania.com\/lt\/karjera\/komanda\/\" \/>\n<meta property=\"og:locale\" content=\"lt_LT\" \/>\n<meta property=\"og:type\" content=\"article\" \/>\n<meta property=\"og:title\" content=\"Karjera - Komanda | Investuok Lietuvoje\" \/>\n<meta property=\"og:description\" content=\"Mes \u2013 iniciatyvi, atvira, i\u0161\u0161\u016bkius m\u0117gstanti komanda, kuri semiasi stipryb\u0117s ne tik i\u0161 kiekvieno kolegos individualaus talento, bet ir geb\u0117jimo kurti kartu.\" \/>\n<meta property=\"og:url\" content=\"https:\/\/investlithuania.com\/lt\/karjera\/komanda\/\" \/>\n<meta property=\"og:site_name\" content=\"Investuok Lietuvoje\" \/>\n<meta property=\"article:modified_time\" content=\"2024-11-22T10:22:24+00:00\" \/>\n<meta property=\"og:image\" content=\"https:\/\/investlithuania.com\/wp-content\/uploads\/IL-komanda-7.jpg\" \/>\n\t<meta property=\"og:image:width\" content=\"2048\" \/>\n\t<meta property=\"og:image:height\" content=\"1363\" \/>\n\t<meta property=\"og:image:type\" content=\"image\/jpeg\" \/>\n<meta name=\"twitter:card\" content=\"summary_large_image\" \/>\n<meta name=\"twitter:title\" content=\"Karjera - Komanda | Investuok Lietuvoje\" \/>\n<meta name=\"twitter:description\" content=\"Mes \u2013 iniciatyvi, atvira, i\u0161\u0161\u016bkius m\u0117gstanti komanda, kuri semiasi stipryb\u0117s ne tik i\u0161 kiekvieno kolegos individualaus talento, bet ir geb\u0117jimo kurti kartu.\" \/>\n<meta name=\"twitter:image\" content=\"https:\/\/investlithuania.com\/wp-content\/uploads\/IL-komanda-7.jpg\" \/>\n<script type=\"application\/ld+json\" class=\"yoast-schema-graph\">{\"@context\":\"https:\\\/\\\/schema.org\",\"@graph\":[{\"@type\":\"WebPage\",\"@id\":\"https:\\\/\\\/investlithuania.com\\\/lt\\\/karjera\\\/komanda\\\/\",\"url\":\"https:\\\/\\\/investlithuania.com\\\/lt\\\/karjera\\\/komanda\\\/\",\"name\":\"Karjera - Komanda | Investuok Lietuvoje\",\"isPartOf\":{\"@id\":\"https:\\\/\\\/investlithuania.com\\\/lt\\\/#website\"},\"primaryImageOfPage\":{\"@id\":\"https:\\\/\\\/investlithuania.com\\\/lt\\\/karjera\\\/komanda\\\/#primaryimage\"},\"image\":{\"@id\":\"https:\\\/\\\/investlithuania.com\\\/lt\\\/karjera\\\/komanda\\\/#primaryimage\"},\"thumbnailUrl\":\"https:\\\/\\\/investlithuania.com\\\/wp-content\\\/uploads\\\/IL-komanda-7.jpg\",\"datePublished\":\"2023-02-08T14:18:19+00:00\",\"dateModified\":\"2024-11-22T10:22:24+00:00\",\"description\":\"Mes \u2013 iniciatyvi, atvira, i\u0161\u0161\u016bkius m\u0117gstanti komanda, kuri semiasi stipryb\u0117s ne tik i\u0161 kiekvieno kolegos individualaus talento, bet ir geb\u0117jimo kurti kartu.\",\"breadcrumb\":{\"@id\":\"https:\\\/\\\/investlithuania.com\\\/lt\\\/karjera\\\/komanda\\\/#breadcrumb\"},\"inLanguage\":\"lt-LT\",\"potentialAction\":[{\"@type\":\"ReadAction\",\"target\":[\"https:\\\/\\\/investlithuania.com\\\/lt\\\/karjera\\\/komanda\\\/\"]}]},{\"@type\":\"ImageObject\",\"inLanguage\":\"lt-LT\",\"@id\":\"https:\\\/\\\/investlithuania.com\\\/lt\\\/karjera\\\/komanda\\\/#primaryimage\",\"url\":\"https:\\\/\\\/investlithuania.com\\\/wp-content\\\/uploads\\\/IL-komanda-7.jpg\",\"contentUrl\":\"https:\\\/\\\/investlithuania.com\\\/wp-content\\\/uploads\\\/IL-komanda-7.jpg\",\"width\":2048,\"height\":1363,\"caption\":\"IL Komanda 7\"},{\"@type\":\"BreadcrumbList\",\"@id\":\"https:\\\/\\\/investlithuania.com\\\/lt\\\/karjera\\\/komanda\\\/#breadcrumb\",\"itemListElement\":[{\"@type\":\"ListItem\",\"position\":1,\"name\":\"Home\",\"item\":\"https:\\\/\\\/investlithuania.com\\\/lt\\\/\"},{\"@type\":\"ListItem\",\"position\":2,\"name\":\"Karjera &#8211; Apie mus\",\"item\":\"https:\\\/\\\/investlithuania.com\\\/lt\\\/karjera\\\/\"},{\"@type\":\"ListItem\",\"position\":3,\"name\":\"Komanda\"}]},{\"@type\":\"WebSite\",\"@id\":\"https:\\\/\\\/investlithuania.com\\\/lt\\\/#website\",\"url\":\"https:\\\/\\\/investlithuania.com\\\/lt\\\/\",\"name\":\"Invest Lithuania\",\"description\":\"The Lithuanian Investment Promotion Agency\",\"publisher\":{\"@id\":\"https:\\\/\\\/investlithuania.com\\\/lt\\\/#organization\"},\"potentialAction\":[{\"@type\":\"SearchAction\",\"target\":{\"@type\":\"EntryPoint\",\"urlTemplate\":\"https:\\\/\\\/investlithuania.com\\\/lt\\\/?s={search_term_string}\"},\"query-input\":{\"@type\":\"PropertyValueSpecification\",\"valueRequired\":true,\"valueName\":\"search_term_string\"}}],\"inLanguage\":\"lt-LT\"},{\"@type\":\"Organization\",\"@id\":\"https:\\\/\\\/investlithuania.com\\\/lt\\\/#organization\",\"name\":\"Invest Lithuania\",\"url\":\"https:\\\/\\\/investlithuania.com\\\/lt\\\/\",\"logo\":{\"@type\":\"ImageObject\",\"inLanguage\":\"lt-LT\",\"@id\":\"https:\\\/\\\/investlithuania.com\\\/lt\\\/#\\\/schema\\\/logo\\\/image\\\/\",\"url\":\"https:\\\/\\\/investlithuania.com\\\/wp-content\\\/uploads\\\/Invest-Lithuania-logo.svg\",\"contentUrl\":\"https:\\\/\\\/investlithuania.com\\\/wp-content\\\/uploads\\\/Invest-Lithuania-logo.svg\",\"width\":288,\"height\":108,\"caption\":\"Invest Lithuania\"},\"image\":{\"@id\":\"https:\\\/\\\/investlithuania.com\\\/lt\\\/#\\\/schema\\\/logo\\\/image\\\/\"}}]}<\/script>\n<!-- \/ Yoast SEO plugin. -->","yoast_head_json":{"title":"Karjera - Komanda | Investuok Lietuvoje","description":"Mes \u2013 iniciatyvi, atvira, i\u0161\u0161\u016bkius m\u0117gstanti komanda, kuri semiasi stipryb\u0117s ne tik i\u0161 kiekvieno kolegos individualaus talento, bet ir geb\u0117jimo kurti kartu.","robots":{"index":"index","follow":"follow","max-snippet":"max-snippet:-1","max-image-preview":"max-image-preview:large","max-video-preview":"max-video-preview:-1"},"canonical":"https:\/\/investlithuania.com\/lt\/karjera\/komanda\/","og_locale":"lt_LT","og_type":"article","og_title":"Karjera - Komanda | Investuok Lietuvoje","og_description":"Mes \u2013 iniciatyvi, atvira, i\u0161\u0161\u016bkius m\u0117gstanti komanda, kuri semiasi stipryb\u0117s ne tik i\u0161 kiekvieno kolegos individualaus talento, bet ir geb\u0117jimo kurti kartu.","og_url":"https:\/\/investlithuania.com\/lt\/karjera\/komanda\/","og_site_name":"Investuok Lietuvoje","article_modified_time":"2024-11-22T10:22:24+00:00","og_image":[{"width":2048,"height":1363,"url":"https:\/\/investlithuania.com\/wp-content\/uploads\/IL-komanda-7.jpg","type":"image\/jpeg"}],"twitter_card":"summary_large_image","twitter_title":"Karjera - Komanda | Investuok Lietuvoje","twitter_description":"Mes \u2013 iniciatyvi, atvira, i\u0161\u0161\u016bkius m\u0117gstanti komanda, kuri semiasi stipryb\u0117s ne tik i\u0161 kiekvieno kolegos individualaus talento, bet ir geb\u0117jimo kurti kartu.","twitter_image":"https:\/\/investlithuania.com\/wp-content\/uploads\/IL-komanda-7.jpg","schema":{"@context":"https:\/\/schema.org","@graph":[{"@type":"WebPage","@id":"https:\/\/investlithuania.com\/lt\/karjera\/komanda\/","url":"https:\/\/investlithuania.com\/lt\/karjera\/komanda\/","name":"Karjera - Komanda | Investuok Lietuvoje","isPartOf":{"@id":"https:\/\/investlithuania.com\/lt\/#website"},"primaryImageOfPage":{"@id":"https:\/\/investlithuania.com\/lt\/karjera\/komanda\/#primaryimage"},"image":{"@id":"https:\/\/investlithuania.com\/lt\/karjera\/komanda\/#primaryimage"},"thumbnailUrl":"https:\/\/investlithuania.com\/wp-content\/uploads\/IL-komanda-7.jpg","datePublished":"2023-02-08T14:18:19+00:00","dateModified":"2024-11-22T10:22:24+00:00","description":"Mes \u2013 iniciatyvi, atvira, i\u0161\u0161\u016bkius m\u0117gstanti komanda, kuri semiasi stipryb\u0117s ne tik i\u0161 kiekvieno kolegos individualaus talento, bet ir geb\u0117jimo kurti kartu.","breadcrumb":{"@id":"https:\/\/investlithuania.com\/lt\/karjera\/komanda\/#breadcrumb"},"inLanguage":"lt-LT","potentialAction":[{"@type":"ReadAction","target":["https:\/\/investlithuania.com\/lt\/karjera\/komanda\/"]}]},{"@type":"ImageObject","inLanguage":"lt-LT","@id":"https:\/\/investlithuania.com\/lt\/karjera\/komanda\/#primaryimage","url":"https:\/\/investlithuania.com\/wp-content\/uploads\/IL-komanda-7.jpg","contentUrl":"https:\/\/investlithuania.com\/wp-content\/uploads\/IL-komanda-7.jpg","width":2048,"height":1363,"caption":"IL Komanda 7"},{"@type":"BreadcrumbList","@id":"https:\/\/investlithuania.com\/lt\/karjera\/komanda\/#breadcrumb","itemListElement":[{"@type":"ListItem","position":1,"name":"Home","item":"https:\/\/investlithuania.com\/lt\/"},{"@type":"ListItem","position":2,"name":"Karjera &#8211; Apie mus","item":"https:\/\/investlithuania.com\/lt\/karjera\/"},{"@type":"ListItem","position":3,"name":"Komanda"}]},{"@type":"WebSite","@id":"https:\/\/investlithuania.com\/lt\/#website","url":"https:\/\/investlithuania.com\/lt\/","name":"Invest Lithuania","description":"The Lithuanian Investment Promotion Agency","publisher":{"@id":"https:\/\/investlithuania.com\/lt\/#organization"},"potentialAction":[{"@type":"SearchAction","target":{"@type":"EntryPoint","urlTemplate":"https:\/\/investlithuania.com\/lt\/?s={search_term_string}"},"query-input":{"@type":"PropertyValueSpecification","valueRequired":true,"valueName":"search_term_string"}}],"inLanguage":"lt-LT"},{"@type":"Organization","@id":"https:\/\/investlithuania.com\/lt\/#organization","name":"Invest Lithuania","url":"https:\/\/investlithuania.com\/lt\/","logo":{"@type":"ImageObject","inLanguage":"lt-LT","@id":"https:\/\/investlithuania.com\/lt\/#\/schema\/logo\/image\/","url":"https:\/\/investlithuania.com\/wp-content\/uploads\/Invest-Lithuania-logo.svg","contentUrl":"https:\/\/investlithuania.com\/wp-content\/uploads\/Invest-Lithuania-logo.svg","width":288,"height":108,"caption":"Invest Lithuania"},"image":{"@id":"https:\/\/investlithuania.com\/lt\/#\/schema\/logo\/image\/"}}]}},"_links":{"self":[{"href":"https:\/\/investlithuania.com\/lt\/wp-json\/wp\/v2\/pages\/12293","targetHints":{"allow":["GET"]}}],"collection":[{"href":"https:\/\/investlithuania.com\/lt\/wp-json\/wp\/v2\/pages"}],"about":[{"href":"https:\/\/investlithuania.com\/lt\/wp-json\/wp\/v2\/types\/page"}],"author":[{"embeddable":true,"href":"https:\/\/investlithuania.com\/lt\/wp-json\/wp\/v2\/users\/2"}],"replies":[{"embeddable":true,"href":"https:\/\/investlithuania.com\/lt\/wp-json\/wp\/v2\/comments?post=12293"}],"version-history":[{"count":58,"href":"https:\/\/investlithuania.com\/lt\/wp-json\/wp\/v2\/pages\/12293\/revisions"}],"predecessor-version":[{"id":18469,"href":"https:\/\/investlithuania.com\/lt\/wp-json\/wp\/v2\/pages\/12293\/revisions\/18469"}],"up":[{"embeddable":true,"href":"https:\/\/investlithuania.com\/lt\/wp-json\/wp\/v2\/pages\/12277"}],"wp:featuredmedia":[{"embeddable":true,"href":"https:\/\/investlithuania.com\/lt\/wp-json\/wp\/v2\/media\/12969"}],"wp:attachment":[{"href":"https:\/\/investlithuania.com\/lt\/wp-json\/wp\/v2\/media?parent=12293"}],"curies":[{"name":"wp","href":"https:\/\/api.w.org\/{rel}","templated":true}]}}