{"id":12287,"date":"2023-02-08T16:14:09","date_gmt":"2023-02-08T14:14:09","guid":{"rendered":"https:\/\/investlithuania.com\/karjera-copy\/"},"modified":"2026-01-23T08:45:43","modified_gmt":"2026-01-23T06:45:43","slug":"veikla","status":"publish","type":"page","link":"https:\/\/investlithuania.com\/lt\/karjera\/veikla\/","title":{"rendered":"Veikla"},"content":{"rendered":"","protected":false},"excerpt":{"rendered":"","protected":false},"author":2,"featured_media":12944,"parent":12277,"menu_order":33,"comment_status":"closed","ping_status":"closed","template":"tp-master.php","meta":{"_acf_changed":false,"h5ap_radio_sources":[],"footnotes":""},"class_list":["post-12287","page","type-page","status-publish","has-post-thumbnail","hentry"],"acf":[],"yoast_head":"<!-- This site is optimized with the Yoast SEO plugin v27.3 - https:\/\/yoast.com\/product\/yoast-seo-wordpress\/ -->\n<title>Karjera - M\u016bs\u0173 veikla | Investuok Lietuvoje<\/title>\n<meta name=\"description\" content=\"Mums reikia tavo patirties, k\u016brybi\u0161kumo, energijos ir id\u0117j\u0173, o tau suteiksime laisv\u0119 atsiskleisti, galimyb\u0119 vystyti svarbius projektus ir daug prog\u0173 kurti realius poky\u010dius.\" \/>\n<meta name=\"robots\" content=\"index, follow, max-snippet:-1, max-image-preview:large, max-video-preview:-1\" \/>\n<link rel=\"canonical\" href=\"https:\/\/investlithuania.com\/lt\/karjera\/veikla\/\" \/>\n<meta property=\"og:locale\" content=\"lt_LT\" \/>\n<meta property=\"og:type\" content=\"article\" \/>\n<meta property=\"og:title\" content=\"Karjera - M\u016bs\u0173 veikla | Investuok Lietuvoje\" \/>\n<meta property=\"og:description\" content=\"Mums reikia tavo patirties, k\u016brybi\u0161kumo, energijos ir id\u0117j\u0173, o tau suteiksime laisv\u0119 atsiskleisti, galimyb\u0119 vystyti svarbius projektus ir daug prog\u0173 kurti realius poky\u010dius.\" \/>\n<meta property=\"og:url\" content=\"https:\/\/investlithuania.com\/lt\/karjera\/veikla\/\" \/>\n<meta property=\"og:site_name\" content=\"Investuok Lietuvoje\" \/>\n<meta property=\"article:modified_time\" content=\"2026-01-23T06:45:43+00:00\" \/>\n<meta property=\"og:image\" content=\"https:\/\/investlithuania.com\/wp-content\/uploads\/Karjera-4.jpg\" \/>\n\t<meta property=\"og:image:width\" content=\"1920\" \/>\n\t<meta property=\"og:image:height\" content=\"939\" \/>\n\t<meta property=\"og:image:type\" content=\"image\/jpeg\" \/>\n<meta name=\"twitter:card\" content=\"summary_large_image\" \/>\n<meta name=\"twitter:title\" content=\"Karjera - M\u016bs\u0173 veikla | Investuok Lietuvoje\" \/>\n<meta name=\"twitter:description\" content=\"Mums reikia tavo patirties, k\u016brybi\u0161kumo, energijos ir id\u0117j\u0173, o tau suteiksime laisv\u0119 atsiskleisti, galimyb\u0119 vystyti svarbius projektus ir daug prog\u0173 kurti realius poky\u010dius.\" \/>\n<meta name=\"twitter:image\" content=\"https:\/\/investlithuania.com\/wp-content\/uploads\/Karjera-4.jpg\" \/>\n<script type=\"application\/ld+json\" class=\"yoast-schema-graph\">{\"@context\":\"https:\\\/\\\/schema.org\",\"@graph\":[{\"@type\":\"WebPage\",\"@id\":\"https:\\\/\\\/investlithuania.com\\\/lt\\\/karjera\\\/veikla\\\/\",\"url\":\"https:\\\/\\\/investlithuania.com\\\/lt\\\/karjera\\\/veikla\\\/\",\"name\":\"Karjera - M\u016bs\u0173 veikla | Investuok Lietuvoje\",\"isPartOf\":{\"@id\":\"https:\\\/\\\/investlithuania.com\\\/lt\\\/#website\"},\"primaryImageOfPage\":{\"@id\":\"https:\\\/\\\/investlithuania.com\\\/lt\\\/karjera\\\/veikla\\\/#primaryimage\"},\"image\":{\"@id\":\"https:\\\/\\\/investlithuania.com\\\/lt\\\/karjera\\\/veikla\\\/#primaryimage\"},\"thumbnailUrl\":\"https:\\\/\\\/investlithuania.com\\\/wp-content\\\/uploads\\\/Karjera-4.jpg\",\"datePublished\":\"2023-02-08T14:14:09+00:00\",\"dateModified\":\"2026-01-23T06:45:43+00:00\",\"description\":\"Mums reikia tavo patirties, k\u016brybi\u0161kumo, energijos ir id\u0117j\u0173, o tau suteiksime laisv\u0119 atsiskleisti, galimyb\u0119 vystyti svarbius projektus ir daug prog\u0173 kurti realius poky\u010dius.\",\"breadcrumb\":{\"@id\":\"https:\\\/\\\/investlithuania.com\\\/lt\\\/karjera\\\/veikla\\\/#breadcrumb\"},\"inLanguage\":\"lt-LT\",\"potentialAction\":[{\"@type\":\"ReadAction\",\"target\":[\"https:\\\/\\\/investlithuania.com\\\/lt\\\/karjera\\\/veikla\\\/\"]}]},{\"@type\":\"ImageObject\",\"inLanguage\":\"lt-LT\",\"@id\":\"https:\\\/\\\/investlithuania.com\\\/lt\\\/karjera\\\/veikla\\\/#primaryimage\",\"url\":\"https:\\\/\\\/investlithuania.com\\\/wp-content\\\/uploads\\\/Karjera-4.jpg\",\"contentUrl\":\"https:\\\/\\\/investlithuania.com\\\/wp-content\\\/uploads\\\/Karjera-4.jpg\",\"width\":1920,\"height\":939,\"caption\":\"Karjera Investuok Lietuvoje\"},{\"@type\":\"BreadcrumbList\",\"@id\":\"https:\\\/\\\/investlithuania.com\\\/lt\\\/karjera\\\/veikla\\\/#breadcrumb\",\"itemListElement\":[{\"@type\":\"ListItem\",\"position\":1,\"name\":\"Home\",\"item\":\"https:\\\/\\\/investlithuania.com\\\/lt\\\/\"},{\"@type\":\"ListItem\",\"position\":2,\"name\":\"Karjera &#8211; Apie mus\",\"item\":\"https:\\\/\\\/investlithuania.com\\\/lt\\\/karjera\\\/\"},{\"@type\":\"ListItem\",\"position\":3,\"name\":\"Veikla\"}]},{\"@type\":\"WebSite\",\"@id\":\"https:\\\/\\\/investlithuania.com\\\/lt\\\/#website\",\"url\":\"https:\\\/\\\/investlithuania.com\\\/lt\\\/\",\"name\":\"Invest Lithuania\",\"description\":\"The Lithuanian Investment Promotion Agency\",\"publisher\":{\"@id\":\"https:\\\/\\\/investlithuania.com\\\/lt\\\/#organization\"},\"potentialAction\":[{\"@type\":\"SearchAction\",\"target\":{\"@type\":\"EntryPoint\",\"urlTemplate\":\"https:\\\/\\\/investlithuania.com\\\/lt\\\/?s={search_term_string}\"},\"query-input\":{\"@type\":\"PropertyValueSpecification\",\"valueRequired\":true,\"valueName\":\"search_term_string\"}}],\"inLanguage\":\"lt-LT\"},{\"@type\":\"Organization\",\"@id\":\"https:\\\/\\\/investlithuania.com\\\/lt\\\/#organization\",\"name\":\"Invest Lithuania\",\"url\":\"https:\\\/\\\/investlithuania.com\\\/lt\\\/\",\"logo\":{\"@type\":\"ImageObject\",\"inLanguage\":\"lt-LT\",\"@id\":\"https:\\\/\\\/investlithuania.com\\\/lt\\\/#\\\/schema\\\/logo\\\/image\\\/\",\"url\":\"https:\\\/\\\/investlithuania.com\\\/wp-content\\\/uploads\\\/Invest-Lithuania-logo.svg\",\"contentUrl\":\"https:\\\/\\\/investlithuania.com\\\/wp-content\\\/uploads\\\/Invest-Lithuania-logo.svg\",\"width\":288,\"height\":108,\"caption\":\"Invest Lithuania\"},\"image\":{\"@id\":\"https:\\\/\\\/investlithuania.com\\\/lt\\\/#\\\/schema\\\/logo\\\/image\\\/\"}}]}<\/script>\n<!-- \/ Yoast SEO plugin. -->","yoast_head_json":{"title":"Karjera - M\u016bs\u0173 veikla | Investuok Lietuvoje","description":"Mums reikia tavo patirties, k\u016brybi\u0161kumo, energijos ir id\u0117j\u0173, o tau suteiksime laisv\u0119 atsiskleisti, galimyb\u0119 vystyti svarbius projektus ir daug prog\u0173 kurti realius poky\u010dius.","robots":{"index":"index","follow":"follow","max-snippet":"max-snippet:-1","max-image-preview":"max-image-preview:large","max-video-preview":"max-video-preview:-1"},"canonical":"https:\/\/investlithuania.com\/lt\/karjera\/veikla\/","og_locale":"lt_LT","og_type":"article","og_title":"Karjera - M\u016bs\u0173 veikla | Investuok Lietuvoje","og_description":"Mums reikia tavo patirties, k\u016brybi\u0161kumo, energijos ir id\u0117j\u0173, o tau suteiksime laisv\u0119 atsiskleisti, galimyb\u0119 vystyti svarbius projektus ir daug prog\u0173 kurti realius poky\u010dius.","og_url":"https:\/\/investlithuania.com\/lt\/karjera\/veikla\/","og_site_name":"Investuok Lietuvoje","article_modified_time":"2026-01-23T06:45:43+00:00","og_image":[{"width":1920,"height":939,"url":"https:\/\/investlithuania.com\/wp-content\/uploads\/Karjera-4.jpg","type":"image\/jpeg"}],"twitter_card":"summary_large_image","twitter_title":"Karjera - M\u016bs\u0173 veikla | Investuok Lietuvoje","twitter_description":"Mums reikia tavo patirties, k\u016brybi\u0161kumo, energijos ir id\u0117j\u0173, o tau suteiksime laisv\u0119 atsiskleisti, galimyb\u0119 vystyti svarbius projektus ir daug prog\u0173 kurti realius poky\u010dius.","twitter_image":"https:\/\/investlithuania.com\/wp-content\/uploads\/Karjera-4.jpg","schema":{"@context":"https:\/\/schema.org","@graph":[{"@type":"WebPage","@id":"https:\/\/investlithuania.com\/lt\/karjera\/veikla\/","url":"https:\/\/investlithuania.com\/lt\/karjera\/veikla\/","name":"Karjera - M\u016bs\u0173 veikla | Investuok Lietuvoje","isPartOf":{"@id":"https:\/\/investlithuania.com\/lt\/#website"},"primaryImageOfPage":{"@id":"https:\/\/investlithuania.com\/lt\/karjera\/veikla\/#primaryimage"},"image":{"@id":"https:\/\/investlithuania.com\/lt\/karjera\/veikla\/#primaryimage"},"thumbnailUrl":"https:\/\/investlithuania.com\/wp-content\/uploads\/Karjera-4.jpg","datePublished":"2023-02-08T14:14:09+00:00","dateModified":"2026-01-23T06:45:43+00:00","description":"Mums reikia tavo patirties, k\u016brybi\u0161kumo, energijos ir id\u0117j\u0173, o tau suteiksime laisv\u0119 atsiskleisti, galimyb\u0119 vystyti svarbius projektus ir daug prog\u0173 kurti realius poky\u010dius.","breadcrumb":{"@id":"https:\/\/investlithuania.com\/lt\/karjera\/veikla\/#breadcrumb"},"inLanguage":"lt-LT","potentialAction":[{"@type":"ReadAction","target":["https:\/\/investlithuania.com\/lt\/karjera\/veikla\/"]}]},{"@type":"ImageObject","inLanguage":"lt-LT","@id":"https:\/\/investlithuania.com\/lt\/karjera\/veikla\/#primaryimage","url":"https:\/\/investlithuania.com\/wp-content\/uploads\/Karjera-4.jpg","contentUrl":"https:\/\/investlithuania.com\/wp-content\/uploads\/Karjera-4.jpg","width":1920,"height":939,"caption":"Karjera Investuok Lietuvoje"},{"@type":"BreadcrumbList","@id":"https:\/\/investlithuania.com\/lt\/karjera\/veikla\/#breadcrumb","itemListElement":[{"@type":"ListItem","position":1,"name":"Home","item":"https:\/\/investlithuania.com\/lt\/"},{"@type":"ListItem","position":2,"name":"Karjera &#8211; Apie mus","item":"https:\/\/investlithuania.com\/lt\/karjera\/"},{"@type":"ListItem","position":3,"name":"Veikla"}]},{"@type":"WebSite","@id":"https:\/\/investlithuania.com\/lt\/#website","url":"https:\/\/investlithuania.com\/lt\/","name":"Invest Lithuania","description":"The Lithuanian Investment Promotion Agency","publisher":{"@id":"https:\/\/investlithuania.com\/lt\/#organization"},"potentialAction":[{"@type":"SearchAction","target":{"@type":"EntryPoint","urlTemplate":"https:\/\/investlithuania.com\/lt\/?s={search_term_string}"},"query-input":{"@type":"PropertyValueSpecification","valueRequired":true,"valueName":"search_term_string"}}],"inLanguage":"lt-LT"},{"@type":"Organization","@id":"https:\/\/investlithuania.com\/lt\/#organization","name":"Invest Lithuania","url":"https:\/\/investlithuania.com\/lt\/","logo":{"@type":"ImageObject","inLanguage":"lt-LT","@id":"https:\/\/investlithuania.com\/lt\/#\/schema\/logo\/image\/","url":"https:\/\/investlithuania.com\/wp-content\/uploads\/Invest-Lithuania-logo.svg","contentUrl":"https:\/\/investlithuania.com\/wp-content\/uploads\/Invest-Lithuania-logo.svg","width":288,"height":108,"caption":"Invest Lithuania"},"image":{"@id":"https:\/\/investlithuania.com\/lt\/#\/schema\/logo\/image\/"}}]}},"_links":{"self":[{"href":"https:\/\/investlithuania.com\/lt\/wp-json\/wp\/v2\/pages\/12287","targetHints":{"allow":["GET"]}}],"collection":[{"href":"https:\/\/investlithuania.com\/lt\/wp-json\/wp\/v2\/pages"}],"about":[{"href":"https:\/\/investlithuania.com\/lt\/wp-json\/wp\/v2\/types\/page"}],"author":[{"embeddable":true,"href":"https:\/\/investlithuania.com\/lt\/wp-json\/wp\/v2\/users\/2"}],"replies":[{"embeddable":true,"href":"https:\/\/investlithuania.com\/lt\/wp-json\/wp\/v2\/comments?post=12287"}],"version-history":[{"count":74,"href":"https:\/\/investlithuania.com\/lt\/wp-json\/wp\/v2\/pages\/12287\/revisions"}],"predecessor-version":[{"id":22742,"href":"https:\/\/investlithuania.com\/lt\/wp-json\/wp\/v2\/pages\/12287\/revisions\/22742"}],"up":[{"embeddable":true,"href":"https:\/\/investlithuania.com\/lt\/wp-json\/wp\/v2\/pages\/12277"}],"wp:featuredmedia":[{"embeddable":true,"href":"https:\/\/investlithuania.com\/lt\/wp-json\/wp\/v2\/media\/12944"}],"wp:attachment":[{"href":"https:\/\/investlithuania.com\/lt\/wp-json\/wp\/v2\/media?parent=12287"}],"curies":[{"name":"wp","href":"https:\/\/api.w.org\/{rel}","templated":true}]}}