{"id":12277,"date":"2023-02-08T16:04:01","date_gmt":"2023-02-08T14:04:01","guid":{"rendered":"https:\/\/investlithuania.com\/apie-mus-copy\/"},"modified":"2026-02-05T13:43:37","modified_gmt":"2026-02-05T11:43:37","slug":"karjera","status":"publish","type":"page","link":"https:\/\/investlithuania.com\/lt\/karjera\/","title":{"rendered":"Karjera &#8211; Apie mus"},"content":{"rendered":"","protected":false},"excerpt":{"rendered":"","protected":false},"author":2,"featured_media":12982,"parent":0,"menu_order":30,"comment_status":"closed","ping_status":"closed","template":"tp-master.php","meta":{"_acf_changed":false,"h5ap_radio_sources":[],"footnotes":""},"class_list":["post-12277","page","type-page","status-publish","has-post-thumbnail","hentry"],"acf":[],"yoast_head":"<!-- This site is optimized with the Yoast SEO plugin v27.4 - https:\/\/yoast.com\/product\/yoast-seo-wordpress\/ -->\n<title>\u201eInvestuok Lietuvoje\u201c - karjera ie\u0161kantiems prasm\u0117s | Investuok Lietuvoje<\/title>\n<meta name=\"description\" content=\"\u201eInvestuok Lietuvoje\u201c (kitaip IL\u2019as) \u2013 ne tik s\u0117kmingai veikiantis tarptautini\u0173 investicij\u0173 magnetas, bet ir vieta, kur kiekvieno karjera \u012fgyja did\u017eiul\u0119 prasm\u0119. Visi m\u016bs\u0173 tikslai susiveda \u012f vien\u0105 \u2013 kurti Lietuv\u0105 patrauklesn\u0119, pa\u017eangesn\u0119 ir turtingesn\u0119 Lietuv\u0105.\" \/>\n<meta name=\"robots\" content=\"index, follow, max-snippet:-1, max-image-preview:large, max-video-preview:-1\" \/>\n<link rel=\"canonical\" href=\"https:\/\/investlithuania.com\/lt\/karjera\/\" \/>\n<meta property=\"og:locale\" content=\"lt_LT\" \/>\n<meta property=\"og:type\" content=\"article\" \/>\n<meta property=\"og:title\" content=\"\u201eInvestuok Lietuvoje\u201c - karjera ie\u0161kantiems prasm\u0117s | Investuok Lietuvoje\" \/>\n<meta property=\"og:description\" content=\"\u201eInvestuok Lietuvoje\u201c (kitaip IL\u2019as) \u2013 ne tik s\u0117kmingai veikiantis tarptautini\u0173 investicij\u0173 magnetas, bet ir vieta, kur kiekvieno karjera \u012fgyja did\u017eiul\u0119 prasm\u0119. Visi m\u016bs\u0173 tikslai susiveda \u012f vien\u0105 \u2013 kurti Lietuv\u0105 patrauklesn\u0119, pa\u017eangesn\u0119 ir turtingesn\u0119 Lietuv\u0105.\" \/>\n<meta property=\"og:url\" content=\"https:\/\/investlithuania.com\/lt\/karjera\/\" \/>\n<meta property=\"og:site_name\" content=\"Investuok Lietuvoje\" \/>\n<meta property=\"article:modified_time\" content=\"2026-02-05T11:43:37+00:00\" \/>\n<meta property=\"og:image\" content=\"https:\/\/investlithuania.com\/wp-content\/uploads\/IL-komanda-12.jpg\" \/>\n\t<meta property=\"og:image:width\" content=\"2048\" \/>\n\t<meta property=\"og:image:height\" content=\"1365\" \/>\n\t<meta property=\"og:image:type\" content=\"image\/jpeg\" \/>\n<meta name=\"twitter:card\" content=\"summary_large_image\" \/>\n<meta name=\"twitter:title\" content=\"\u201eInvestuok Lietuvoje\u201c - karjera ie\u0161kantiems prasm\u0117s | Investuok Lietuvoje\" \/>\n<meta name=\"twitter:description\" content=\"\u201eInvestuok Lietuvoje\u201c (kitaip IL\u2019as) \u2013 ne tik s\u0117kmingai veikiantis tarptautini\u0173 investicij\u0173 magnetas, bet ir vieta, kur kiekvieno karjera \u012fgyja did\u017eiul\u0119 prasm\u0119. Visi m\u016bs\u0173 tikslai susiveda \u012f vien\u0105 \u2013 kurti Lietuv\u0105 patrauklesn\u0119, pa\u017eangesn\u0119 ir turtingesn\u0119 Lietuv\u0105.\" \/>\n<meta name=\"twitter:image\" content=\"https:\/\/investlithuania.com\/wp-content\/uploads\/IL-komanda-12.jpg\" \/>\n<script type=\"application\/ld+json\" class=\"yoast-schema-graph\">{\"@context\":\"https:\\\/\\\/schema.org\",\"@graph\":[{\"@type\":\"WebPage\",\"@id\":\"https:\\\/\\\/investlithuania.com\\\/lt\\\/karjera\\\/\",\"url\":\"https:\\\/\\\/investlithuania.com\\\/lt\\\/karjera\\\/\",\"name\":\"\u201eInvestuok Lietuvoje\u201c - karjera ie\u0161kantiems prasm\u0117s | Investuok Lietuvoje\",\"isPartOf\":{\"@id\":\"https:\\\/\\\/investlithuania.com\\\/lt\\\/#website\"},\"primaryImageOfPage\":{\"@id\":\"https:\\\/\\\/investlithuania.com\\\/lt\\\/karjera\\\/#primaryimage\"},\"image\":{\"@id\":\"https:\\\/\\\/investlithuania.com\\\/lt\\\/karjera\\\/#primaryimage\"},\"thumbnailUrl\":\"https:\\\/\\\/investlithuania.com\\\/wp-content\\\/uploads\\\/IL-komanda-12.jpg\",\"datePublished\":\"2023-02-08T14:04:01+00:00\",\"dateModified\":\"2026-02-05T11:43:37+00:00\",\"description\":\"\u201eInvestuok Lietuvoje\u201c (kitaip IL\u2019as) \u2013 ne tik s\u0117kmingai veikiantis tarptautini\u0173 investicij\u0173 magnetas, bet ir vieta, kur kiekvieno karjera \u012fgyja did\u017eiul\u0119 prasm\u0119. Visi m\u016bs\u0173 tikslai susiveda \u012f vien\u0105 \u2013 kurti Lietuv\u0105 patrauklesn\u0119, pa\u017eangesn\u0119 ir turtingesn\u0119 Lietuv\u0105.\",\"breadcrumb\":{\"@id\":\"https:\\\/\\\/investlithuania.com\\\/lt\\\/karjera\\\/#breadcrumb\"},\"inLanguage\":\"lt-LT\",\"potentialAction\":[{\"@type\":\"ReadAction\",\"target\":[\"https:\\\/\\\/investlithuania.com\\\/lt\\\/karjera\\\/\"]}]},{\"@type\":\"ImageObject\",\"inLanguage\":\"lt-LT\",\"@id\":\"https:\\\/\\\/investlithuania.com\\\/lt\\\/karjera\\\/#primaryimage\",\"url\":\"https:\\\/\\\/investlithuania.com\\\/wp-content\\\/uploads\\\/IL-komanda-12.jpg\",\"contentUrl\":\"https:\\\/\\\/investlithuania.com\\\/wp-content\\\/uploads\\\/IL-komanda-12.jpg\",\"width\":2048,\"height\":1365},{\"@type\":\"BreadcrumbList\",\"@id\":\"https:\\\/\\\/investlithuania.com\\\/lt\\\/karjera\\\/#breadcrumb\",\"itemListElement\":[{\"@type\":\"ListItem\",\"position\":1,\"name\":\"Home\",\"item\":\"https:\\\/\\\/investlithuania.com\\\/lt\\\/\"},{\"@type\":\"ListItem\",\"position\":2,\"name\":\"Karjera &#8211; Apie mus\"}]},{\"@type\":\"WebSite\",\"@id\":\"https:\\\/\\\/investlithuania.com\\\/lt\\\/#website\",\"url\":\"https:\\\/\\\/investlithuania.com\\\/lt\\\/\",\"name\":\"Invest Lithuania\",\"description\":\"The Lithuanian Investment Promotion Agency\",\"publisher\":{\"@id\":\"https:\\\/\\\/investlithuania.com\\\/lt\\\/#organization\"},\"potentialAction\":[{\"@type\":\"SearchAction\",\"target\":{\"@type\":\"EntryPoint\",\"urlTemplate\":\"https:\\\/\\\/investlithuania.com\\\/lt\\\/?s={search_term_string}\"},\"query-input\":{\"@type\":\"PropertyValueSpecification\",\"valueRequired\":true,\"valueName\":\"search_term_string\"}}],\"inLanguage\":\"lt-LT\"},{\"@type\":\"Organization\",\"@id\":\"https:\\\/\\\/investlithuania.com\\\/lt\\\/#organization\",\"name\":\"Invest Lithuania\",\"url\":\"https:\\\/\\\/investlithuania.com\\\/lt\\\/\",\"logo\":{\"@type\":\"ImageObject\",\"inLanguage\":\"lt-LT\",\"@id\":\"https:\\\/\\\/investlithuania.com\\\/lt\\\/#\\\/schema\\\/logo\\\/image\\\/\",\"url\":\"https:\\\/\\\/investlithuania.com\\\/wp-content\\\/uploads\\\/Invest-Lithuania-logo.svg\",\"contentUrl\":\"https:\\\/\\\/investlithuania.com\\\/wp-content\\\/uploads\\\/Invest-Lithuania-logo.svg\",\"width\":288,\"height\":108,\"caption\":\"Invest Lithuania\"},\"image\":{\"@id\":\"https:\\\/\\\/investlithuania.com\\\/lt\\\/#\\\/schema\\\/logo\\\/image\\\/\"}}]}<\/script>\n<!-- \/ Yoast SEO plugin. -->","yoast_head_json":{"title":"\u201eInvestuok Lietuvoje\u201c - karjera ie\u0161kantiems prasm\u0117s | Investuok Lietuvoje","description":"\u201eInvestuok Lietuvoje\u201c (kitaip IL\u2019as) \u2013 ne tik s\u0117kmingai veikiantis tarptautini\u0173 investicij\u0173 magnetas, bet ir vieta, kur kiekvieno karjera \u012fgyja did\u017eiul\u0119 prasm\u0119. Visi m\u016bs\u0173 tikslai susiveda \u012f vien\u0105 \u2013 kurti Lietuv\u0105 patrauklesn\u0119, pa\u017eangesn\u0119 ir turtingesn\u0119 Lietuv\u0105.","robots":{"index":"index","follow":"follow","max-snippet":"max-snippet:-1","max-image-preview":"max-image-preview:large","max-video-preview":"max-video-preview:-1"},"canonical":"https:\/\/investlithuania.com\/lt\/karjera\/","og_locale":"lt_LT","og_type":"article","og_title":"\u201eInvestuok Lietuvoje\u201c - karjera ie\u0161kantiems prasm\u0117s | Investuok Lietuvoje","og_description":"\u201eInvestuok Lietuvoje\u201c (kitaip IL\u2019as) \u2013 ne tik s\u0117kmingai veikiantis tarptautini\u0173 investicij\u0173 magnetas, bet ir vieta, kur kiekvieno karjera \u012fgyja did\u017eiul\u0119 prasm\u0119. Visi m\u016bs\u0173 tikslai susiveda \u012f vien\u0105 \u2013 kurti Lietuv\u0105 patrauklesn\u0119, pa\u017eangesn\u0119 ir turtingesn\u0119 Lietuv\u0105.","og_url":"https:\/\/investlithuania.com\/lt\/karjera\/","og_site_name":"Investuok Lietuvoje","article_modified_time":"2026-02-05T11:43:37+00:00","og_image":[{"width":2048,"height":1365,"url":"https:\/\/investlithuania.com\/wp-content\/uploads\/IL-komanda-12.jpg","type":"image\/jpeg"}],"twitter_card":"summary_large_image","twitter_title":"\u201eInvestuok Lietuvoje\u201c - karjera ie\u0161kantiems prasm\u0117s | Investuok Lietuvoje","twitter_description":"\u201eInvestuok Lietuvoje\u201c (kitaip IL\u2019as) \u2013 ne tik s\u0117kmingai veikiantis tarptautini\u0173 investicij\u0173 magnetas, bet ir vieta, kur kiekvieno karjera \u012fgyja did\u017eiul\u0119 prasm\u0119. Visi m\u016bs\u0173 tikslai susiveda \u012f vien\u0105 \u2013 kurti Lietuv\u0105 patrauklesn\u0119, pa\u017eangesn\u0119 ir turtingesn\u0119 Lietuv\u0105.","twitter_image":"https:\/\/investlithuania.com\/wp-content\/uploads\/IL-komanda-12.jpg","schema":{"@context":"https:\/\/schema.org","@graph":[{"@type":"WebPage","@id":"https:\/\/investlithuania.com\/lt\/karjera\/","url":"https:\/\/investlithuania.com\/lt\/karjera\/","name":"\u201eInvestuok Lietuvoje\u201c - karjera ie\u0161kantiems prasm\u0117s | Investuok Lietuvoje","isPartOf":{"@id":"https:\/\/investlithuania.com\/lt\/#website"},"primaryImageOfPage":{"@id":"https:\/\/investlithuania.com\/lt\/karjera\/#primaryimage"},"image":{"@id":"https:\/\/investlithuania.com\/lt\/karjera\/#primaryimage"},"thumbnailUrl":"https:\/\/investlithuania.com\/wp-content\/uploads\/IL-komanda-12.jpg","datePublished":"2023-02-08T14:04:01+00:00","dateModified":"2026-02-05T11:43:37+00:00","description":"\u201eInvestuok Lietuvoje\u201c (kitaip IL\u2019as) \u2013 ne tik s\u0117kmingai veikiantis tarptautini\u0173 investicij\u0173 magnetas, bet ir vieta, kur kiekvieno karjera \u012fgyja did\u017eiul\u0119 prasm\u0119. Visi m\u016bs\u0173 tikslai susiveda \u012f vien\u0105 \u2013 kurti Lietuv\u0105 patrauklesn\u0119, pa\u017eangesn\u0119 ir turtingesn\u0119 Lietuv\u0105.","breadcrumb":{"@id":"https:\/\/investlithuania.com\/lt\/karjera\/#breadcrumb"},"inLanguage":"lt-LT","potentialAction":[{"@type":"ReadAction","target":["https:\/\/investlithuania.com\/lt\/karjera\/"]}]},{"@type":"ImageObject","inLanguage":"lt-LT","@id":"https:\/\/investlithuania.com\/lt\/karjera\/#primaryimage","url":"https:\/\/investlithuania.com\/wp-content\/uploads\/IL-komanda-12.jpg","contentUrl":"https:\/\/investlithuania.com\/wp-content\/uploads\/IL-komanda-12.jpg","width":2048,"height":1365},{"@type":"BreadcrumbList","@id":"https:\/\/investlithuania.com\/lt\/karjera\/#breadcrumb","itemListElement":[{"@type":"ListItem","position":1,"name":"Home","item":"https:\/\/investlithuania.com\/lt\/"},{"@type":"ListItem","position":2,"name":"Karjera &#8211; Apie mus"}]},{"@type":"WebSite","@id":"https:\/\/investlithuania.com\/lt\/#website","url":"https:\/\/investlithuania.com\/lt\/","name":"Invest Lithuania","description":"The Lithuanian Investment Promotion Agency","publisher":{"@id":"https:\/\/investlithuania.com\/lt\/#organization"},"potentialAction":[{"@type":"SearchAction","target":{"@type":"EntryPoint","urlTemplate":"https:\/\/investlithuania.com\/lt\/?s={search_term_string}"},"query-input":{"@type":"PropertyValueSpecification","valueRequired":true,"valueName":"search_term_string"}}],"inLanguage":"lt-LT"},{"@type":"Organization","@id":"https:\/\/investlithuania.com\/lt\/#organization","name":"Invest Lithuania","url":"https:\/\/investlithuania.com\/lt\/","logo":{"@type":"ImageObject","inLanguage":"lt-LT","@id":"https:\/\/investlithuania.com\/lt\/#\/schema\/logo\/image\/","url":"https:\/\/investlithuania.com\/wp-content\/uploads\/Invest-Lithuania-logo.svg","contentUrl":"https:\/\/investlithuania.com\/wp-content\/uploads\/Invest-Lithuania-logo.svg","width":288,"height":108,"caption":"Invest Lithuania"},"image":{"@id":"https:\/\/investlithuania.com\/lt\/#\/schema\/logo\/image\/"}}]}},"_links":{"self":[{"href":"https:\/\/investlithuania.com\/lt\/wp-json\/wp\/v2\/pages\/12277","targetHints":{"allow":["GET"]}}],"collection":[{"href":"https:\/\/investlithuania.com\/lt\/wp-json\/wp\/v2\/pages"}],"about":[{"href":"https:\/\/investlithuania.com\/lt\/wp-json\/wp\/v2\/types\/page"}],"author":[{"embeddable":true,"href":"https:\/\/investlithuania.com\/lt\/wp-json\/wp\/v2\/users\/2"}],"replies":[{"embeddable":true,"href":"https:\/\/investlithuania.com\/lt\/wp-json\/wp\/v2\/comments?post=12277"}],"version-history":[{"count":100,"href":"https:\/\/investlithuania.com\/lt\/wp-json\/wp\/v2\/pages\/12277\/revisions"}],"predecessor-version":[{"id":20315,"href":"https:\/\/investlithuania.com\/lt\/wp-json\/wp\/v2\/pages\/12277\/revisions\/20315"}],"wp:featuredmedia":[{"embeddable":true,"href":"https:\/\/investlithuania.com\/lt\/wp-json\/wp\/v2\/media\/12982"}],"wp:attachment":[{"href":"https:\/\/investlithuania.com\/lt\/wp-json\/wp\/v2\/media?parent=12277"}],"curies":[{"name":"wp","href":"https:\/\/api.w.org\/{rel}","templated":true}]}}